{"id":9439,"date":"2023-08-09T09:29:24","date_gmt":"2023-08-09T07:29:24","guid":{"rendered":"https:\/\/www.elgosblanc.com\/?page_id=9439"},"modified":"2024-07-11T14:14:52","modified_gmt":"2024-07-11T12:14:52","slug":"tarifes-i-horaris","status":"publish","type":"page","link":"https:\/\/www.elgosblanc.com\/ca\/tarifes-i-horaris\/","title":{"rendered":"Tarifes y horaris"},"content":{"rendered":"\t\t<div data-elementor-type=\"wp-page\" data-elementor-id=\"9439\" class=\"elementor elementor-9439\" data-elementor-post-type=\"page\">\n\t\t\t\t\t\t<section class=\"elementor-section elementor-top-section elementor-element elementor-element-4e81b4d elementor-section-height-min-height elementor-section-boxed elementor-section-height-default elementor-section-items-middle\" data-id=\"4e81b4d\" data-element_type=\"section\" data-e-type=\"section\" data-settings=\"{&quot;background_background&quot;:&quot;classic&quot;,&quot;background_motion_fx_motion_fx_scrolling&quot;:&quot;yes&quot;,&quot;background_motion_fx_motion_fx_mouse&quot;:&quot;yes&quot;,&quot;background_motion_fx_devices&quot;:[&quot;desktop&quot;,&quot;tablet&quot;,&quot;mobile&quot;]}\">\n\t\t\t\t\t\t\t<div class=\"elementor-background-overlay\"><\/div>\n\t\t\t\t\t\t\t<div class=\"elementor-container elementor-column-gap-default\">\n\t\t\t\t\t<div class=\"elementor-column elementor-col-100 elementor-top-column elementor-element elementor-element-8f86a01\" data-id=\"8f86a01\" data-element_type=\"column\" data-e-type=\"column\">\n\t\t\t<div class=\"elementor-widget-wrap elementor-element-populated\">\n\t\t\t\t\t\t<div class=\"elementor-element elementor-element-03ea838 elementor-widget elementor-widget-spacer\" data-id=\"03ea838\" data-element_type=\"widget\" data-e-type=\"widget\" data-widget_type=\"spacer.default\">\n\t\t\t\t<div class=\"elementor-widget-container\">\n\t\t\t\t\t\t\t<div class=\"elementor-spacer\">\n\t\t\t<div class=\"elementor-spacer-inner\"><\/div>\n\t\t<\/div>\n\t\t\t\t\t\t<\/div>\n\t\t\t\t<\/div>\n\t\t\t\t<div class=\"elementor-element elementor-element-b8aa9e6 elementor-widget elementor-widget-heading\" data-id=\"b8aa9e6\" data-element_type=\"widget\" data-e-type=\"widget\" data-widget_type=\"heading.default\">\n\t\t\t\t<div class=\"elementor-widget-container\">\n\t\t\t\t\t<h2 class=\"elementor-heading-title elementor-size-default\">Tarifes i Horaris<\/h2>\t\t\t\t<\/div>\n\t\t\t\t<\/div>\n\t\t\t\t<div class=\"elementor-element elementor-element-3406c71 elementor-icon-list--layout-inline elementor-align-start elementor-list-item-link-full_width elementor-widget elementor-widget-icon-list\" data-id=\"3406c71\" data-element_type=\"widget\" data-e-type=\"widget\" data-widget_type=\"icon-list.default\">\n\t\t\t\t<div class=\"elementor-widget-container\">\n\t\t\t\t\t\t\t<ul class=\"elementor-icon-list-items elementor-inline-items\">\n\t\t\t\t\t\t\t<li class=\"elementor-icon-list-item elementor-inline-item\">\n\t\t\t\t\t\t\t\t\t\t\t<a href=\"https:\/\/www.elgosblanc.com\/\">\n\n\t\t\t\t\t\t\t\t\t\t\t<span class=\"elementor-icon-list-text\">Inici<\/span>\n\t\t\t\t\t\t\t\t\t\t\t<\/a>\n\t\t\t\t\t\t\t\t\t<\/li>\n\t\t\t\t\t\t\t\t<li class=\"elementor-icon-list-item elementor-inline-item\">\n\t\t\t\t\t\t\t\t\t\t\t<a href=\"https:\/\/www.elgosblanc.com\/tarifas-y-horarios\/\">\n\n\t\t\t\t\t\t\t\t\t\t\t\t<span class=\"elementor-icon-list-icon\">\n\t\t\t\t\t\t\t<i aria-hidden=\"true\" class=\"fas fa-chevron-right\"><\/i>\t\t\t\t\t\t<\/span>\n\t\t\t\t\t\t\t\t\t\t<span class=\"elementor-icon-list-text\">Tarifes i Horaris<\/span>\n\t\t\t\t\t\t\t\t\t\t\t<\/a>\n\t\t\t\t\t\t\t\t\t<\/li>\n\t\t\t\t\t\t<\/ul>\n\t\t\t\t\t\t<\/div>\n\t\t\t\t<\/div>\n\t\t\t\t\t<\/div>\n\t\t<\/div>\n\t\t\t\t\t<\/div>\n\t\t<\/section>\n\t\t\t\t<section class=\"elementor-section elementor-top-section elementor-element elementor-element-8690e1e elementor-section-boxed elementor-section-height-default elementor-section-height-default\" data-id=\"8690e1e\" data-element_type=\"section\" data-e-type=\"section\" data-settings=\"{&quot;background_background&quot;:&quot;classic&quot;}\">\n\t\t\t\t\t\t<div class=\"elementor-container elementor-column-gap-default\">\n\t\t\t\t\t<div class=\"elementor-column elementor-col-100 elementor-top-column elementor-element elementor-element-152f64a\" data-id=\"152f64a\" data-element_type=\"column\" data-e-type=\"column\" data-settings=\"{&quot;background_background&quot;:&quot;classic&quot;}\">\n\t\t\t<div class=\"elementor-widget-wrap elementor-element-populated\">\n\t\t\t\t\t\t<div class=\"elementor-element elementor-element-d2bc448 elementor-widget__width-initial elementor-widget elementor-widget-text-editor\" data-id=\"d2bc448\" data-element_type=\"widget\" data-e-type=\"widget\" data-widget_type=\"text-editor.default\">\n\t\t\t\t<div class=\"elementor-widget-container\">\n\t\t\t\t\t\t\t\t\t<div>\n<p><strong>HORARIS<\/strong><\/p>\n<p>L&#8217;horari d&#8217;atenci\u00f3 al p\u00fablic \u00e9s:<\/p>\n<p>De dilluns a divendres de 10 a 13.30 i de 15 a 18 hores.<\/p>\n<p>Dissabtes de 10 a 13 hores.<\/p>\n<p>Diumenges de 12 a 13 hores.<\/p>\n<p>Festius tancat.<\/p>\n<p><strong>Important<\/strong>:<\/p>\n<p>Durant la temporada alta, les entrades seran a partir de les 12h i les sortides abans de les 12h, qualsevol recollida o entrega fora daquest horari tindr\u00e0 un cost addicional corresponent a un dia.<\/p>\n<\/div>\n<ul>\n<li><strong>Quines tarifes tenen a la resid\u00e8ncia?<\/strong><\/li>\n<\/ul>\n<table style=\"border-collapse: collapse; width: 100%;\">\n<tbody>\n<tr>\n<td style=\"width: 34.3642%;\">&nbsp;<\/td>\n<td style=\"width: 32.3024%;\"><strong>Temporada baixa<\/strong><\/td>\n<td style=\"width: 33.3333%;\"><strong>Temporada&nbsp;alta<\/strong><\/td>\n<\/tr>\n<tr>\n<td style=\"width: 34.3642%;\"><b>Un gos<\/b><\/td>\n<td style=\"width: 32.3024%;\">25\u20ac<\/td>\n<td style=\"width: 33.3333%;\">27\u20ac<\/td>\n<\/tr>\n<tr>\n<td style=\"width: 34.3642%;\"><b>Dos gossos <\/b>(mateix box)<\/td>\n<td style=\"width: 32.3024%;\">38\u20ac<\/td>\n<td style=\"width: 33.3333%;\">40\u20ac<\/td>\n<\/tr>\n<\/tbody>\n<\/table>\n<ul>\n<li>TEMPORADA ALTA: Estiu (1 juliol al 15 setembre) Setmana Santa, Sant Joan, Pont de desembre i Nadal (23\/12 a 07\/01).<\/li>\n<li>TEMPORADA BAIXA: Resta de l\u00b4any.<\/li>\n<li>Les tarifes inclouen: neteja i desinfecci\u00f3 di\u00e0ria del box, menjar ( ROYAL CANIN) passeigs diaris.<\/li>\n<\/ul>\n<p><b>CONDICIONS DE RESERVA A TEMPORADA ALTA.<\/b><\/p>\n<ul>\n<li><span style=\"text-align: inherit;\">Per formalitzar la reserva, els clients nous hauran de fer una paga i senyal de 50\u20ac.<\/span><\/li>\n<li><span style=\"text-align: inherit;\">L&#8217;anul\u00b7laci\u00f3 de la reserva implica la p\u00e8rdua de la paga i el senyal.<\/span><\/li>\n<\/ul>\n<p><b>SERVEIS OPCIONALS<\/b><\/p>\n<ul>\n<li>Medicaci\u00f3 est\u00e0ndard 1.5\u20ac\/dia, en cas de medicaci\u00f3 especial i\/o cures el preu ser\u00e0 segons valoraci\u00f3.<\/li>\n<li>Recollida i entrega a domicili. 0.50\u20ac\/km IVA incl\u00f2s, excepte a 10km a la rodona 20\u20ac. Peatges a part.<\/li>\n<li>Servei de rentat. Preu segons mida del gos.<\/li>\n<\/ul>\n<p><b>RECOMANACIONS<\/b><\/p>\n<p>Tots els animals que vinguin a la resid\u00e8ncia han d&#8217;estar identificats amb microxip, portar la cartilla sanit\u00e0ria amb les vacunes de l&#8217;any vigent (es recomana tamb\u00e9 la vacuna de la tos de les gosseres consulteu el vostre veterinari), desparasitats interior i exterior.<\/p>\n<ul>\n<li><span style=\"text-align: inherit;\"><span style=\"letter-spacing: -0.27px;\"><b>M&#8217;intentes fer una reserva per a la resid\u00e8ncia, que he de fer ara?<\/b><\/span><br \/><\/span><\/li>\n<\/ul>\n<p><span style=\"letter-spacing: -0.27px;\"><b>RESERVES<\/b><\/span><b style=\"font-size: inherit; text-align: inherit; letter-spacing: -0.27px;\">:<\/b><\/p>\t\t\t\t\t\t\t\t<\/div>\n\t\t\t\t<\/div>\n\t\t\t\t<div class=\"elementor-element elementor-element-5559d72 elementor-widget elementor-widget-button\" data-id=\"5559d72\" data-element_type=\"widget\" data-e-type=\"widget\" data-widget_type=\"button.default\">\n\t\t\t\t<div class=\"elementor-widget-container\">\n\t\t\t\t\t\t\t\t\t<div class=\"elementor-button-wrapper\">\n\t\t\t\t\t<a class=\"elementor-button elementor-button-link elementor-size-sm\" href=\"https:\/\/ges-pet.appspot.com\/hotel\/reservas\/online\/HO-5968787d7cb87-11\/es\">\n\t\t\t\t\t\t<span class=\"elementor-button-content-wrapper\">\n\t\t\t\t\t\t\t\t\t<span class=\"elementor-button-text\">Reserves Online<\/span>\n\t\t\t\t\t<\/span>\n\t\t\t\t\t<\/a>\n\t\t\t\t<\/div>\n\t\t\t\t\t\t\t\t<\/div>\n\t\t\t\t<\/div>\n\t\t\t\t\t<\/div>\n\t\t<\/div>\n\t\t\t\t\t<\/div>\n\t\t<\/section>\n\t\t\t\t<\/div>\n\t\t","protected":false},"excerpt":{"rendered":"<p>Tarifes i Horaris Inici Tarifes i Horaris HORARIS L&#8217;horari d&#8217;atenci\u00f3 al p\u00fablic \u00e9s: De dilluns a divendres de 10 a 13.30 i de 15 a 18 hores. Dissabtes de 10 a 13 hores. Diumenges de 12 a 13 hores. Festius tancat. Important: Durant la temporada alta, les entrades seran a partir de les 12h i [&hellip;]<\/p>\n","protected":false},"author":1,"featured_media":0,"parent":0,"menu_order":0,"comment_status":"closed","ping_status":"closed","template":"elementor_header_footer","meta":{"ngg_post_thumbnail":0,"footnotes":""},"class_list":["post-9439","page","type-page","status-publish","hentry"],"yoast_head":"<!-- This site is optimized with the Yoast SEO plugin v26.9 - https:\/\/yoast.com\/product\/yoast-seo-wordpress\/ -->\n<title>Tarifes y horaris - El Gos Blanc<\/title>\n<meta name=\"description\" content=\"Tarifas y horarios de nuestra residencia canina El Gos blanc. Precios de nuestros servicios y horarios en cada per\u00edodo del a\u00f1o.\" \/>\n<meta name=\"robots\" content=\"index, follow, max-snippet:-1, max-image-preview:large, max-video-preview:-1\" \/>\n<link rel=\"canonical\" href=\"https:\/\/www.elgosblanc.com\/tarifas-y-horarios\/\" \/>\n<meta property=\"og:locale\" content=\"ca_ES\" \/>\n<meta property=\"og:type\" content=\"article\" \/>\n<meta property=\"og:title\" content=\"Tarifes y horaris - El Gos Blanc\" \/>\n<meta property=\"og:description\" content=\"Tarifas y horarios de nuestra residencia canina El Gos blanc. Precios de nuestros servicios y horarios en cada per\u00edodo del a\u00f1o.\" \/>\n<meta property=\"og:url\" content=\"https:\/\/www.elgosblanc.com\/tarifas-y-horarios\/\" \/>\n<meta property=\"og:site_name\" content=\"El Gos Blanc\" \/>\n<meta property=\"article:modified_time\" content=\"2024-07-11T12:14:52+00:00\" \/>\n<meta name=\"twitter:card\" content=\"summary_large_image\" \/>\n<meta name=\"twitter:label1\" content=\"Temps estimat de lectura\" \/>\n\t<meta name=\"twitter:data1\" content=\"2 minuts\" \/>\n<script type=\"application\/ld+json\" class=\"yoast-schema-graph\">{\"@context\":\"https:\/\/schema.org\",\"@graph\":[{\"@type\":\"WebPage\",\"@id\":\"https:\/\/www.elgosblanc.com\/tarifas-y-horarios\/\",\"url\":\"https:\/\/www.elgosblanc.com\/tarifas-y-horarios\/\",\"name\":\"Tarifes y horaris - El Gos Blanc\",\"isPartOf\":{\"@id\":\"https:\/\/www.elgosblanc.com\/#website\"},\"datePublished\":\"2023-08-09T07:29:24+00:00\",\"dateModified\":\"2024-07-11T12:14:52+00:00\",\"description\":\"Tarifas y horarios de nuestra residencia canina El Gos blanc. Precios de nuestros servicios y horarios en cada per\u00edodo del a\u00f1o.\",\"breadcrumb\":{\"@id\":\"https:\/\/www.elgosblanc.com\/tarifas-y-horarios\/#breadcrumb\"},\"inLanguage\":\"ca\",\"potentialAction\":[{\"@type\":\"ReadAction\",\"target\":[\"https:\/\/www.elgosblanc.com\/tarifas-y-horarios\/\"]}]},{\"@type\":\"BreadcrumbList\",\"@id\":\"https:\/\/www.elgosblanc.com\/tarifas-y-horarios\/#breadcrumb\",\"itemListElement\":[{\"@type\":\"ListItem\",\"position\":1,\"name\":\"Inici\",\"item\":\"https:\/\/www.elgosblanc.com\/\"},{\"@type\":\"ListItem\",\"position\":2,\"name\":\"Tarifes y horaris\"}]},{\"@type\":\"WebSite\",\"@id\":\"https:\/\/www.elgosblanc.com\/#website\",\"url\":\"https:\/\/www.elgosblanc.com\/\",\"name\":\"El Gos Blanc\",\"description\":\"\",\"publisher\":{\"@id\":\"https:\/\/www.elgosblanc.com\/#organization\"},\"potentialAction\":[{\"@type\":\"SearchAction\",\"target\":{\"@type\":\"EntryPoint\",\"urlTemplate\":\"https:\/\/www.elgosblanc.com\/?s={search_term_string}\"},\"query-input\":{\"@type\":\"PropertyValueSpecification\",\"valueRequired\":true,\"valueName\":\"search_term_string\"}}],\"inLanguage\":\"ca\"},{\"@type\":\"Organization\",\"@id\":\"https:\/\/www.elgosblanc.com\/#organization\",\"name\":\"El Gos Blanc\",\"url\":\"https:\/\/www.elgosblanc.com\/\",\"logo\":{\"@type\":\"ImageObject\",\"inLanguage\":\"ca\",\"@id\":\"https:\/\/www.elgosblanc.com\/#\/schema\/logo\/image\/\",\"url\":\"https:\/\/www.elgosblanc.com\/wp-content\/uploads\/2022\/01\/LOGO-HOTEL-CANI-SIN-FONDO-1.png\",\"contentUrl\":\"https:\/\/www.elgosblanc.com\/wp-content\/uploads\/2022\/01\/LOGO-HOTEL-CANI-SIN-FONDO-1.png\",\"width\":500,\"height\":500,\"caption\":\"El Gos Blanc\"},\"image\":{\"@id\":\"https:\/\/www.elgosblanc.com\/#\/schema\/logo\/image\/\"}}]}<\/script>\n<!-- \/ Yoast SEO plugin. -->","yoast_head_json":{"title":"Tarifes y horaris - El Gos Blanc","description":"Tarifas y horarios de nuestra residencia canina El Gos blanc. Precios de nuestros servicios y horarios en cada per\u00edodo del a\u00f1o.","robots":{"index":"index","follow":"follow","max-snippet":"max-snippet:-1","max-image-preview":"max-image-preview:large","max-video-preview":"max-video-preview:-1"},"canonical":"https:\/\/www.elgosblanc.com\/tarifas-y-horarios\/","og_locale":"ca_ES","og_type":"article","og_title":"Tarifes y horaris - El Gos Blanc","og_description":"Tarifas y horarios de nuestra residencia canina El Gos blanc. Precios de nuestros servicios y horarios en cada per\u00edodo del a\u00f1o.","og_url":"https:\/\/www.elgosblanc.com\/tarifas-y-horarios\/","og_site_name":"El Gos Blanc","article_modified_time":"2024-07-11T12:14:52+00:00","twitter_card":"summary_large_image","twitter_misc":{"Temps estimat de lectura":"2 minuts"},"schema":{"@context":"https:\/\/schema.org","@graph":[{"@type":"WebPage","@id":"https:\/\/www.elgosblanc.com\/tarifas-y-horarios\/","url":"https:\/\/www.elgosblanc.com\/tarifas-y-horarios\/","name":"Tarifes y horaris - El Gos Blanc","isPartOf":{"@id":"https:\/\/www.elgosblanc.com\/#website"},"datePublished":"2023-08-09T07:29:24+00:00","dateModified":"2024-07-11T12:14:52+00:00","description":"Tarifas y horarios de nuestra residencia canina El Gos blanc. Precios de nuestros servicios y horarios en cada per\u00edodo del a\u00f1o.","breadcrumb":{"@id":"https:\/\/www.elgosblanc.com\/tarifas-y-horarios\/#breadcrumb"},"inLanguage":"ca","potentialAction":[{"@type":"ReadAction","target":["https:\/\/www.elgosblanc.com\/tarifas-y-horarios\/"]}]},{"@type":"BreadcrumbList","@id":"https:\/\/www.elgosblanc.com\/tarifas-y-horarios\/#breadcrumb","itemListElement":[{"@type":"ListItem","position":1,"name":"Inici","item":"https:\/\/www.elgosblanc.com\/"},{"@type":"ListItem","position":2,"name":"Tarifes y horaris"}]},{"@type":"WebSite","@id":"https:\/\/www.elgosblanc.com\/#website","url":"https:\/\/www.elgosblanc.com\/","name":"El Gos Blanc","description":"","publisher":{"@id":"https:\/\/www.elgosblanc.com\/#organization"},"potentialAction":[{"@type":"SearchAction","target":{"@type":"EntryPoint","urlTemplate":"https:\/\/www.elgosblanc.com\/?s={search_term_string}"},"query-input":{"@type":"PropertyValueSpecification","valueRequired":true,"valueName":"search_term_string"}}],"inLanguage":"ca"},{"@type":"Organization","@id":"https:\/\/www.elgosblanc.com\/#organization","name":"El Gos Blanc","url":"https:\/\/www.elgosblanc.com\/","logo":{"@type":"ImageObject","inLanguage":"ca","@id":"https:\/\/www.elgosblanc.com\/#\/schema\/logo\/image\/","url":"https:\/\/www.elgosblanc.com\/wp-content\/uploads\/2022\/01\/LOGO-HOTEL-CANI-SIN-FONDO-1.png","contentUrl":"https:\/\/www.elgosblanc.com\/wp-content\/uploads\/2022\/01\/LOGO-HOTEL-CANI-SIN-FONDO-1.png","width":500,"height":500,"caption":"El Gos Blanc"},"image":{"@id":"https:\/\/www.elgosblanc.com\/#\/schema\/logo\/image\/"}}]}},"_links":{"self":[{"href":"https:\/\/www.elgosblanc.com\/ca\/wp-json\/wp\/v2\/pages\/9439","targetHints":{"allow":["GET"]}}],"collection":[{"href":"https:\/\/www.elgosblanc.com\/ca\/wp-json\/wp\/v2\/pages"}],"about":[{"href":"https:\/\/www.elgosblanc.com\/ca\/wp-json\/wp\/v2\/types\/page"}],"author":[{"embeddable":true,"href":"https:\/\/www.elgosblanc.com\/ca\/wp-json\/wp\/v2\/users\/1"}],"replies":[{"embeddable":true,"href":"https:\/\/www.elgosblanc.com\/ca\/wp-json\/wp\/v2\/comments?post=9439"}],"version-history":[{"count":68,"href":"https:\/\/www.elgosblanc.com\/ca\/wp-json\/wp\/v2\/pages\/9439\/revisions"}],"predecessor-version":[{"id":13034,"href":"https:\/\/www.elgosblanc.com\/ca\/wp-json\/wp\/v2\/pages\/9439\/revisions\/13034"}],"wp:attachment":[{"href":"https:\/\/www.elgosblanc.com\/ca\/wp-json\/wp\/v2\/media?parent=9439"}],"curies":[{"name":"wp","href":"https:\/\/api.w.org\/{rel}","templated":true}]}}