{"id":7850,"date":"2022-01-11T15:59:18","date_gmt":"2022-01-11T14:59:18","guid":{"rendered":"https:\/\/www.elgosblanc.com\/?page_id=7850"},"modified":"2023-08-24T12:53:31","modified_gmt":"2023-08-24T10:53:31","slug":"cria-i-sel-leccio","status":"publish","type":"page","link":"https:\/\/www.elgosblanc.com\/ca\/cria-i-sel-leccio\/","title":{"rendered":"Cria i sel\u00b7lecci\u00f3"},"content":{"rendered":"\t\t<div data-elementor-type=\"wp-page\" data-elementor-id=\"7850\" class=\"elementor elementor-7850\" data-elementor-post-type=\"page\">\n\t\t\t\t\t\t<section class=\"elementor-section elementor-top-section elementor-element elementor-element-2e41633 elementor-section-full_width elementor-section-height-min-height elementor-section-items-stretch elementor-section-height-default\" data-id=\"2e41633\" data-element_type=\"section\" data-e-type=\"section\" data-settings=\"{&quot;background_background&quot;:&quot;gradient&quot;}\">\n\t\t\t\t\t\t\t<div class=\"elementor-background-overlay\"><\/div>\n\t\t\t\t\t\t\t<div class=\"elementor-container elementor-column-gap-default\">\n\t\t\t\t\t<div class=\"elementor-column elementor-col-100 elementor-top-column elementor-element elementor-element-d900c9f\" data-id=\"d900c9f\" data-element_type=\"column\" data-e-type=\"column\">\n\t\t\t<div class=\"elementor-widget-wrap elementor-element-populated\">\n\t\t\t\t\t\t<div class=\"elementor-element elementor-element-a62a4aa elementor-invisible elementor-widget elementor-widget-heading\" data-id=\"a62a4aa\" data-element_type=\"widget\" data-e-type=\"widget\" data-settings=\"{&quot;_animation&quot;:&quot;fadeInDown&quot;}\" data-widget_type=\"heading.default\">\n\t\t\t\t<div class=\"elementor-widget-container\">\n\t\t\t\t\t<h1 class=\"elementor-heading-title elementor-size-default\">Cria i sel\u00b7lecci\u00f3 de Cadells<\/h1>\t\t\t\t<\/div>\n\t\t\t\t<\/div>\n\t\t\t\t\t<\/div>\n\t\t<\/div>\n\t\t\t\t\t<\/div>\n\t\t<\/section>\n\t\t\t\t<section class=\"elementor-section elementor-inner-section elementor-element elementor-element-9aa0e5f animated-fast elementor-section-boxed elementor-section-height-default elementor-section-height-default elementor-invisible\" data-id=\"9aa0e5f\" data-element_type=\"section\" data-e-type=\"section\" data-settings=\"{&quot;animation&quot;:&quot;zoomIn&quot;}\">\n\t\t\t\t\t\t<div class=\"elementor-container elementor-column-gap-default\">\n\t\t\t\t\t<div class=\"elementor-column elementor-col-50 elementor-inner-column elementor-element elementor-element-3bab8e9d elementor-invisible\" data-id=\"3bab8e9d\" data-element_type=\"column\" data-e-type=\"column\" data-settings=\"{&quot;background_background&quot;:&quot;gradient&quot;,&quot;animation&quot;:&quot;fadeInDown&quot;,&quot;animation_delay&quot;:200}\">\n\t\t\t<div class=\"elementor-widget-wrap elementor-element-populated\">\n\t\t\t\t\t<div class=\"elementor-background-overlay\"><\/div>\n\t\t\t\t\t\t<div class=\"elementor-element elementor-element-7b83d177 elementor-widget elementor-widget-image\" data-id=\"7b83d177\" data-element_type=\"widget\" data-e-type=\"widget\" data-widget_type=\"image.default\">\n\t\t\t\t<div class=\"elementor-widget-container\">\n\t\t\t\t\t\t\t\t\t\t\t\t\t\t\t\t<a href=\"https:\/\/www.elgosblanc.com\/ca\/cadells-disponibles-de-golden-retriever\/\">\n\t\t\t\t\t\t\t<img fetchpriority=\"high\" decoding=\"async\" width=\"580\" height=\"435\" src=\"https:\/\/www.elgosblanc.com\/wp-content\/uploads\/2023\/07\/perros-golden-retriever-hembra-cachooro-1.jpg\" class=\"attachment-large size-large wp-image-8381\" alt=\"Golden Retriever\" srcset=\"https:\/\/www.elgosblanc.com\/wp-content\/uploads\/2023\/07\/perros-golden-retriever-hembra-cachooro-1.jpg 1024w, https:\/\/www.elgosblanc.com\/wp-content\/uploads\/2023\/07\/perros-golden-retriever-hembra-cachooro-1-300x225.jpg 300w, https:\/\/www.elgosblanc.com\/wp-content\/uploads\/2023\/07\/perros-golden-retriever-hembra-cachooro-1-768x576.jpg 768w, https:\/\/www.elgosblanc.com\/wp-content\/uploads\/2023\/07\/perros-golden-retriever-hembra-cachooro-1-900x675.jpg 900w\" sizes=\"(max-width: 580px) 100vw, 580px\" \/>\t\t\t\t\t\t\t\t<\/a>\n\t\t\t\t\t\t\t\t\t\t\t\t\t\t\t<\/div>\n\t\t\t\t<\/div>\n\t\t\t\t<div class=\"elementor-element elementor-element-6f023e9a elementor-widget elementor-widget-heading\" data-id=\"6f023e9a\" data-element_type=\"widget\" data-e-type=\"widget\" data-widget_type=\"heading.default\">\n\t\t\t\t<div class=\"elementor-widget-container\">\n\t\t\t\t\t<h4 class=\"elementor-heading-title elementor-size-default\"><a href=\"https:\/\/www.elgosblanc.com\/ca\/cadells-disponibles-de-golden-retriever\/\">GOLDEN RETRIEVER<\/a><\/h4>\t\t\t\t<\/div>\n\t\t\t\t<\/div>\n\t\t\t\t\t<\/div>\n\t\t<\/div>\n\t\t\t\t<div class=\"elementor-column elementor-col-50 elementor-inner-column elementor-element elementor-element-7a552c59 elementor-invisible\" data-id=\"7a552c59\" data-element_type=\"column\" data-e-type=\"column\" data-settings=\"{&quot;background_background&quot;:&quot;gradient&quot;,&quot;animation&quot;:&quot;fadeInDown&quot;,&quot;animation_delay&quot;:200}\">\n\t\t\t<div class=\"elementor-widget-wrap elementor-element-populated\">\n\t\t\t\t\t<div class=\"elementor-background-overlay\"><\/div>\n\t\t\t\t\t\t<div class=\"elementor-element elementor-element-3adba1ae elementor-widget elementor-widget-image\" data-id=\"3adba1ae\" data-element_type=\"widget\" data-e-type=\"widget\" data-widget_type=\"image.default\">\n\t\t\t\t<div class=\"elementor-widget-container\">\n\t\t\t\t\t\t\t\t\t\t\t\t\t\t\t\t<a href=\"https:\/\/www.elgosblanc.com\/ca\/cria-i-sel-leccio-labrador-retriever-cadells-de-labrador-retriever-disponibles\/\">\n\t\t\t\t\t\t\t<img decoding=\"async\" width=\"580\" height=\"407\" src=\"https:\/\/www.elgosblanc.com\/wp-content\/uploads\/2023\/07\/LABRADOR-RETRIEVER-PORTADA-OK-1.jpg\" class=\"attachment-large size-large wp-image-8379\" alt=\"Labrador Retriever\" srcset=\"https:\/\/www.elgosblanc.com\/wp-content\/uploads\/2023\/07\/LABRADOR-RETRIEVER-PORTADA-OK-1.jpg 645w, https:\/\/www.elgosblanc.com\/wp-content\/uploads\/2023\/07\/LABRADOR-RETRIEVER-PORTADA-OK-1-300x211.jpg 300w, https:\/\/www.elgosblanc.com\/wp-content\/uploads\/2023\/07\/LABRADOR-RETRIEVER-PORTADA-OK-1-358x250.jpg 358w\" sizes=\"(max-width: 580px) 100vw, 580px\" \/>\t\t\t\t\t\t\t\t<\/a>\n\t\t\t\t\t\t\t\t\t\t\t\t\t\t\t<\/div>\n\t\t\t\t<\/div>\n\t\t\t\t<div class=\"elementor-element elementor-element-7a4b0c23 elementor-widget elementor-widget-heading\" data-id=\"7a4b0c23\" data-element_type=\"widget\" data-e-type=\"widget\" data-widget_type=\"heading.default\">\n\t\t\t\t<div class=\"elementor-widget-container\">\n\t\t\t\t\t<h4 class=\"elementor-heading-title elementor-size-default\"><a href=\"https:\/\/www.elgosblanc.com\/ca\/cria-i-sel-leccio-labrador-retriever-cadells-de-labrador-retriever-disponibles\/\">LABRADOR RETRIEVER<\/a><\/h4>\t\t\t\t<\/div>\n\t\t\t\t<\/div>\n\t\t\t\t\t<\/div>\n\t\t<\/div>\n\t\t\t\t\t<\/div>\n\t\t<\/section>\n\t\t\t\t<section class=\"elementor-section elementor-top-section elementor-element elementor-element-c437d47 elementor-section-boxed elementor-section-height-default elementor-section-height-default\" data-id=\"c437d47\" data-element_type=\"section\" data-e-type=\"section\">\n\t\t\t\t\t\t<div class=\"elementor-container elementor-column-gap-default\">\n\t\t\t\t\t<div class=\"elementor-column elementor-col-100 elementor-top-column elementor-element elementor-element-20be417\" data-id=\"20be417\" data-element_type=\"column\" data-e-type=\"column\">\n\t\t\t<div class=\"elementor-widget-wrap\">\n\t\t\t\t\t\t\t<\/div>\n\t\t<\/div>\n\t\t\t\t\t<\/div>\n\t\t<\/section>\n\t\t\t\t<section class=\"elementor-section elementor-top-section elementor-element elementor-element-3521d7d elementor-section-boxed elementor-section-height-default elementor-section-height-default\" data-id=\"3521d7d\" data-element_type=\"section\" data-e-type=\"section\">\n\t\t\t\t\t\t<div class=\"elementor-container elementor-column-gap-default\">\n\t\t\t\t\t<div class=\"elementor-column elementor-col-100 elementor-top-column elementor-element elementor-element-a42ad81\" data-id=\"a42ad81\" data-element_type=\"column\" data-e-type=\"column\">\n\t\t\t<div class=\"elementor-widget-wrap elementor-element-populated\">\n\t\t\t\t\t\t<div class=\"elementor-element elementor-element-5fdd36d elementor-widget elementor-widget-text-editor\" data-id=\"5fdd36d\" data-element_type=\"widget\" data-e-type=\"widget\" data-widget_type=\"text-editor.default\">\n\t\t\t\t<div class=\"elementor-widget-container\">\n\t\t\t\t\t\t\t\t\t<p><span style=\"font-size: 14px;\">Al Gos Blanc ens dediquem des de fa anys a la <b><a href=\"https:\/\/www.elgosblanc.com\/ca\/cria-i-sel-leccio\/\">Cria i sel\u00b7lecci\u00f3 de cadells de Golden Retriever i Labrador Retriever<\/a><\/b>. Els cadells s\u00f3n criats en un ambient tranquil i familiar en amplis espais on poden gaudir del joc. Tots els nostres gossos reproductors estan lliures de tares gen\u00e8tiques i heredit\u00e0ries ja que pr\u00e8viament han estat revisats i han passat tots els controls veterinaris certificant l\u2019apte per a la cria. Els nostres cadells es lliuren vacunats i desparasitats pel nostre servei veterinari, amb cartilla oficial i identificats amb microxip.<\/span><\/p>\t\t\t\t\t\t\t\t<\/div>\n\t\t\t\t<\/div>\n\t\t\t\t<div class=\"elementor-element elementor-element-5bf1a60 elementor-widget elementor-widget-heading\" data-id=\"5bf1a60\" data-element_type=\"widget\" data-e-type=\"widget\" data-widget_type=\"heading.default\">\n\t\t\t\t<div class=\"elementor-widget-container\">\n\t\t\t\t\t<h2 class=\"elementor-heading-title elementor-size-default\"><a href=\"https:\/\/www.elgosblanc.com\/residencia\/clase-royal-canin-programa-creciendo-juntos\/\">NOVETAT: Sessi\u00f3 informativa sobre socialitzaci\u00f3 i educaci\u00f3 b\u00e0sica!<\/a><\/h2>\t\t\t\t<\/div>\n\t\t\t\t<\/div>\n\t\t\t\t<div class=\"elementor-element elementor-element-28f8817 elementor-widget elementor-widget-image\" data-id=\"28f8817\" data-element_type=\"widget\" data-e-type=\"widget\" data-widget_type=\"image.default\">\n\t\t\t\t<div class=\"elementor-widget-container\">\n\t\t\t\t\t\t\t\t\t\t\t\t\t\t\t<img decoding=\"async\" width=\"150\" height=\"39\" src=\"https:\/\/www.elgosblanc.com\/wp-content\/uploads\/2012\/05\/logo-generalitat-de-catalunya.png\" class=\"attachment-large size-large wp-image-1065\" alt=\"\" \/>\t\t\t\t\t\t\t\t\t\t\t\t\t\t\t<\/div>\n\t\t\t\t<\/div>\n\t\t\t\t<div class=\"elementor-element elementor-element-898507b elementor-widget elementor-widget-text-editor\" data-id=\"898507b\" data-element_type=\"widget\" data-e-type=\"widget\" data-widget_type=\"text-editor.default\">\n\t\t\t\t<div class=\"elementor-widget-container\">\n\t\t\t\t\t\t\t\t\t<p>NUCLI ZOOL\u00d2GICO DE LA GENERALITAT DE CATALUNYA NRO: B-2500589<\/p>\t\t\t\t\t\t\t\t<\/div>\n\t\t\t\t<\/div>\n\t\t\t\t<div class=\"elementor-element elementor-element-fa539a5 elementor-align-left elementor-widget elementor-widget-button\" data-id=\"fa539a5\" data-element_type=\"widget\" data-e-type=\"widget\" data-widget_type=\"button.default\">\n\t\t\t\t<div class=\"elementor-widget-container\">\n\t\t\t\t\t\t\t\t\t<div class=\"elementor-button-wrapper\">\n\t\t\t\t\t<a class=\"elementor-button elementor-button-link elementor-size-sm\" href=\"https:\/\/www.elgosblanc.com\/residencia-canina-barcelona\/tarifas-y-horarios\/\">\n\t\t\t\t\t\t<span class=\"elementor-button-content-wrapper\">\n\t\t\t\t\t\t\t\t\t<span class=\"elementor-button-text\">Tarifes i Horaris<\/span>\n\t\t\t\t\t<\/span>\n\t\t\t\t\t<\/a>\n\t\t\t\t<\/div>\n\t\t\t\t\t\t\t\t<\/div>\n\t\t\t\t<\/div>\n\t\t\t\t\t<\/div>\n\t\t<\/div>\n\t\t\t\t\t<\/div>\n\t\t<\/section>\n\t\t\t\t<\/div>\n\t\t","protected":false},"excerpt":{"rendered":"<p>Cria i sel\u00b7lecci\u00f3 de Cadells GOLDEN RETRIEVER LABRADOR RETRIEVER Al Gos Blanc ens dediquem des de fa anys a la Cria i sel\u00b7lecci\u00f3 de cadells de Golden Retriever i Labrador Retriever. Els cadells s\u00f3n criats en un ambient tranquil i familiar en amplis espais on poden gaudir del joc. Tots els nostres gossos reproductors estan [&hellip;]<\/p>\n","protected":false},"author":1,"featured_media":0,"parent":0,"menu_order":0,"comment_status":"closed","ping_status":"closed","template":"elementor_header_footer","meta":{"ngg_post_thumbnail":0,"footnotes":""},"class_list":["post-7850","page","type-page","status-publish","hentry"],"yoast_head":"<!-- This site is optimized with the Yoast SEO plugin v27.4 - https:\/\/yoast.com\/product\/yoast-seo-wordpress\/ -->\n<title>Cria i sel\u00b7lecci\u00f3 de cadells de Golden Retriever i Labrador Retriever<\/title>\n<meta name=\"description\" content=\"Cria i sel\u00b7lecci\u00f3 de cadells de Golden Retriever, Labrador Retriever a Barcelona. Els millors gossos Golden i Labrador Retriever de Catalunya.\" \/>\n<meta name=\"robots\" content=\"index, follow, max-snippet:-1, max-image-preview:large, max-video-preview:-1\" \/>\n<link rel=\"canonical\" href=\"https:\/\/www.elgosblanc.com\/ca\/cria-i-sel-leccio\/\" \/>\n<meta property=\"og:locale\" content=\"ca_ES\" \/>\n<meta property=\"og:type\" content=\"article\" \/>\n<meta property=\"og:title\" content=\"Cria i sel\u00b7lecci\u00f3 de cadells de Golden Retriever i Labrador Retriever\" \/>\n<meta property=\"og:description\" content=\"Cria i sel\u00b7lecci\u00f3 de cadells de Golden Retriever, Labrador Retriever a Barcelona. Els millors gossos Golden i Labrador Retriever de Catalunya.\" \/>\n<meta property=\"og:url\" content=\"https:\/\/www.elgosblanc.com\/ca\/cria-i-sel-leccio\/\" \/>\n<meta property=\"og:site_name\" content=\"El Gos Blanc\" \/>\n<meta property=\"article:modified_time\" content=\"2023-08-24T10:53:31+00:00\" \/>\n<meta property=\"og:image\" content=\"https:\/\/www.elgosblanc.com\/wp-content\/uploads\/2023\/07\/perros-golden-retriever-hembra-cachooro-1.jpg\" \/>\n<meta name=\"twitter:card\" content=\"summary_large_image\" \/>\n<meta name=\"twitter:label1\" content=\"Temps estimat de lectura\" \/>\n\t<meta name=\"twitter:data1\" content=\"2 minuts\" \/>\n<script type=\"application\/ld+json\" class=\"yoast-schema-graph\">{\"@context\":\"https:\\\/\\\/schema.org\",\"@graph\":[{\"@type\":\"WebPage\",\"@id\":\"https:\\\/\\\/www.elgosblanc.com\\\/ca\\\/cria-i-sel-leccio\\\/\",\"url\":\"https:\\\/\\\/www.elgosblanc.com\\\/ca\\\/cria-i-sel-leccio\\\/\",\"name\":\"Cria i sel\u00b7lecci\u00f3 de cadells de Golden Retriever i Labrador Retriever\",\"isPartOf\":{\"@id\":\"https:\\\/\\\/www.elgosblanc.com\\\/#website\"},\"primaryImageOfPage\":{\"@id\":\"https:\\\/\\\/www.elgosblanc.com\\\/ca\\\/cria-i-sel-leccio\\\/#primaryimage\"},\"image\":{\"@id\":\"https:\\\/\\\/www.elgosblanc.com\\\/ca\\\/cria-i-sel-leccio\\\/#primaryimage\"},\"thumbnailUrl\":\"https:\\\/\\\/www.elgosblanc.com\\\/wp-content\\\/uploads\\\/2023\\\/07\\\/perros-golden-retriever-hembra-cachooro-1.jpg\",\"datePublished\":\"2022-01-11T14:59:18+00:00\",\"dateModified\":\"2023-08-24T10:53:31+00:00\",\"description\":\"Cria i sel\u00b7lecci\u00f3 de cadells de Golden Retriever, Labrador Retriever a Barcelona. Els millors gossos Golden i Labrador Retriever de Catalunya.\",\"breadcrumb\":{\"@id\":\"https:\\\/\\\/www.elgosblanc.com\\\/ca\\\/cria-i-sel-leccio\\\/#breadcrumb\"},\"inLanguage\":\"ca\",\"potentialAction\":[{\"@type\":\"ReadAction\",\"target\":[\"https:\\\/\\\/www.elgosblanc.com\\\/ca\\\/cria-i-sel-leccio\\\/\"]}]},{\"@type\":\"ImageObject\",\"inLanguage\":\"ca\",\"@id\":\"https:\\\/\\\/www.elgosblanc.com\\\/ca\\\/cria-i-sel-leccio\\\/#primaryimage\",\"url\":\"https:\\\/\\\/www.elgosblanc.com\\\/wp-content\\\/uploads\\\/2023\\\/07\\\/perros-golden-retriever-hembra-cachooro-1.jpg\",\"contentUrl\":\"https:\\\/\\\/www.elgosblanc.com\\\/wp-content\\\/uploads\\\/2023\\\/07\\\/perros-golden-retriever-hembra-cachooro-1.jpg\"},{\"@type\":\"BreadcrumbList\",\"@id\":\"https:\\\/\\\/www.elgosblanc.com\\\/ca\\\/cria-i-sel-leccio\\\/#breadcrumb\",\"itemListElement\":[{\"@type\":\"ListItem\",\"position\":1,\"name\":\"Inici\",\"item\":\"https:\\\/\\\/www.elgosblanc.com\\\/\"},{\"@type\":\"ListItem\",\"position\":2,\"name\":\"Cria i sel\u00b7lecci\u00f3\"}]},{\"@type\":\"WebSite\",\"@id\":\"https:\\\/\\\/www.elgosblanc.com\\\/#website\",\"url\":\"https:\\\/\\\/www.elgosblanc.com\\\/\",\"name\":\"El Gos Blanc\",\"description\":\"Residencia Canina Barcelona\",\"publisher\":{\"@id\":\"https:\\\/\\\/www.elgosblanc.com\\\/#organization\"},\"potentialAction\":[{\"@type\":\"SearchAction\",\"target\":{\"@type\":\"EntryPoint\",\"urlTemplate\":\"https:\\\/\\\/www.elgosblanc.com\\\/?s={search_term_string}\"},\"query-input\":{\"@type\":\"PropertyValueSpecification\",\"valueRequired\":true,\"valueName\":\"search_term_string\"}}],\"inLanguage\":\"ca\"},{\"@type\":\"Organization\",\"@id\":\"https:\\\/\\\/www.elgosblanc.com\\\/#organization\",\"name\":\"El Gos Blanc\",\"url\":\"https:\\\/\\\/www.elgosblanc.com\\\/\",\"logo\":{\"@type\":\"ImageObject\",\"inLanguage\":\"ca\",\"@id\":\"https:\\\/\\\/www.elgosblanc.com\\\/#\\\/schema\\\/logo\\\/image\\\/\",\"url\":\"https:\\\/\\\/www.elgosblanc.com\\\/wp-content\\\/uploads\\\/2022\\\/01\\\/LOGO-HOTEL-CANI-SIN-FONDO-1.png\",\"contentUrl\":\"https:\\\/\\\/www.elgosblanc.com\\\/wp-content\\\/uploads\\\/2022\\\/01\\\/LOGO-HOTEL-CANI-SIN-FONDO-1.png\",\"width\":500,\"height\":500,\"caption\":\"El Gos Blanc\"},\"image\":{\"@id\":\"https:\\\/\\\/www.elgosblanc.com\\\/#\\\/schema\\\/logo\\\/image\\\/\"}}]}<\/script>\n<!-- \/ Yoast SEO plugin. -->","yoast_head_json":{"title":"Cria i sel\u00b7lecci\u00f3 de cadells de Golden Retriever i Labrador Retriever","description":"Cria i sel\u00b7lecci\u00f3 de cadells de Golden Retriever, Labrador Retriever a Barcelona. Els millors gossos Golden i Labrador Retriever de Catalunya.","robots":{"index":"index","follow":"follow","max-snippet":"max-snippet:-1","max-image-preview":"max-image-preview:large","max-video-preview":"max-video-preview:-1"},"canonical":"https:\/\/www.elgosblanc.com\/ca\/cria-i-sel-leccio\/","og_locale":"ca_ES","og_type":"article","og_title":"Cria i sel\u00b7lecci\u00f3 de cadells de Golden Retriever i Labrador Retriever","og_description":"Cria i sel\u00b7lecci\u00f3 de cadells de Golden Retriever, Labrador Retriever a Barcelona. Els millors gossos Golden i Labrador Retriever de Catalunya.","og_url":"https:\/\/www.elgosblanc.com\/ca\/cria-i-sel-leccio\/","og_site_name":"El Gos Blanc","article_modified_time":"2023-08-24T10:53:31+00:00","og_image":[{"url":"https:\/\/www.elgosblanc.com\/wp-content\/uploads\/2023\/07\/perros-golden-retriever-hembra-cachooro-1.jpg","type":"","width":"","height":""}],"twitter_card":"summary_large_image","twitter_misc":{"Temps estimat de lectura":"2 minuts"},"schema":{"@context":"https:\/\/schema.org","@graph":[{"@type":"WebPage","@id":"https:\/\/www.elgosblanc.com\/ca\/cria-i-sel-leccio\/","url":"https:\/\/www.elgosblanc.com\/ca\/cria-i-sel-leccio\/","name":"Cria i sel\u00b7lecci\u00f3 de cadells de Golden Retriever i Labrador Retriever","isPartOf":{"@id":"https:\/\/www.elgosblanc.com\/#website"},"primaryImageOfPage":{"@id":"https:\/\/www.elgosblanc.com\/ca\/cria-i-sel-leccio\/#primaryimage"},"image":{"@id":"https:\/\/www.elgosblanc.com\/ca\/cria-i-sel-leccio\/#primaryimage"},"thumbnailUrl":"https:\/\/www.elgosblanc.com\/wp-content\/uploads\/2023\/07\/perros-golden-retriever-hembra-cachooro-1.jpg","datePublished":"2022-01-11T14:59:18+00:00","dateModified":"2023-08-24T10:53:31+00:00","description":"Cria i sel\u00b7lecci\u00f3 de cadells de Golden Retriever, Labrador Retriever a Barcelona. Els millors gossos Golden i Labrador Retriever de Catalunya.","breadcrumb":{"@id":"https:\/\/www.elgosblanc.com\/ca\/cria-i-sel-leccio\/#breadcrumb"},"inLanguage":"ca","potentialAction":[{"@type":"ReadAction","target":["https:\/\/www.elgosblanc.com\/ca\/cria-i-sel-leccio\/"]}]},{"@type":"ImageObject","inLanguage":"ca","@id":"https:\/\/www.elgosblanc.com\/ca\/cria-i-sel-leccio\/#primaryimage","url":"https:\/\/www.elgosblanc.com\/wp-content\/uploads\/2023\/07\/perros-golden-retriever-hembra-cachooro-1.jpg","contentUrl":"https:\/\/www.elgosblanc.com\/wp-content\/uploads\/2023\/07\/perros-golden-retriever-hembra-cachooro-1.jpg"},{"@type":"BreadcrumbList","@id":"https:\/\/www.elgosblanc.com\/ca\/cria-i-sel-leccio\/#breadcrumb","itemListElement":[{"@type":"ListItem","position":1,"name":"Inici","item":"https:\/\/www.elgosblanc.com\/"},{"@type":"ListItem","position":2,"name":"Cria i sel\u00b7lecci\u00f3"}]},{"@type":"WebSite","@id":"https:\/\/www.elgosblanc.com\/#website","url":"https:\/\/www.elgosblanc.com\/","name":"El Gos Blanc","description":"Residencia Canina Barcelona","publisher":{"@id":"https:\/\/www.elgosblanc.com\/#organization"},"potentialAction":[{"@type":"SearchAction","target":{"@type":"EntryPoint","urlTemplate":"https:\/\/www.elgosblanc.com\/?s={search_term_string}"},"query-input":{"@type":"PropertyValueSpecification","valueRequired":true,"valueName":"search_term_string"}}],"inLanguage":"ca"},{"@type":"Organization","@id":"https:\/\/www.elgosblanc.com\/#organization","name":"El Gos Blanc","url":"https:\/\/www.elgosblanc.com\/","logo":{"@type":"ImageObject","inLanguage":"ca","@id":"https:\/\/www.elgosblanc.com\/#\/schema\/logo\/image\/","url":"https:\/\/www.elgosblanc.com\/wp-content\/uploads\/2022\/01\/LOGO-HOTEL-CANI-SIN-FONDO-1.png","contentUrl":"https:\/\/www.elgosblanc.com\/wp-content\/uploads\/2022\/01\/LOGO-HOTEL-CANI-SIN-FONDO-1.png","width":500,"height":500,"caption":"El Gos Blanc"},"image":{"@id":"https:\/\/www.elgosblanc.com\/#\/schema\/logo\/image\/"}}]}},"_links":{"self":[{"href":"https:\/\/www.elgosblanc.com\/ca\/wp-json\/wp\/v2\/pages\/7850","targetHints":{"allow":["GET"]}}],"collection":[{"href":"https:\/\/www.elgosblanc.com\/ca\/wp-json\/wp\/v2\/pages"}],"about":[{"href":"https:\/\/www.elgosblanc.com\/ca\/wp-json\/wp\/v2\/types\/page"}],"author":[{"embeddable":true,"href":"https:\/\/www.elgosblanc.com\/ca\/wp-json\/wp\/v2\/users\/1"}],"replies":[{"embeddable":true,"href":"https:\/\/www.elgosblanc.com\/ca\/wp-json\/wp\/v2\/comments?post=7850"}],"version-history":[{"count":42,"href":"https:\/\/www.elgosblanc.com\/ca\/wp-json\/wp\/v2\/pages\/7850\/revisions"}],"predecessor-version":[{"id":9970,"href":"https:\/\/www.elgosblanc.com\/ca\/wp-json\/wp\/v2\/pages\/7850\/revisions\/9970"}],"wp:attachment":[{"href":"https:\/\/www.elgosblanc.com\/ca\/wp-json\/wp\/v2\/media?parent=7850"}],"curies":[{"name":"wp","href":"https:\/\/api.w.org\/{rel}","templated":true}]}}