{"id":13023,"date":"2024-07-11T13:39:32","date_gmt":"2024-07-11T11:39:32","guid":{"rendered":"https:\/\/www.elgosblanc.com\/qui-som\/"},"modified":"2024-07-11T13:50:30","modified_gmt":"2024-07-11T11:50:30","slug":"qui-som","status":"publish","type":"page","link":"https:\/\/www.elgosblanc.com\/ca\/qui-som\/","title":{"rendered":"Qui Som"},"content":{"rendered":"\t\t<div data-elementor-type=\"wp-page\" data-elementor-id=\"13023\" class=\"elementor elementor-13023\" data-elementor-post-type=\"page\">\n\t\t\t\t\t\t<section class=\"elementor-section elementor-top-section elementor-element elementor-element-04a9627 elementor-section-height-min-height elementor-section-boxed elementor-section-height-default elementor-section-items-middle\" data-id=\"04a9627\" data-element_type=\"section\" data-e-type=\"section\" data-settings=\"{&quot;background_background&quot;:&quot;classic&quot;,&quot;background_motion_fx_motion_fx_scrolling&quot;:&quot;yes&quot;,&quot;background_motion_fx_motion_fx_mouse&quot;:&quot;yes&quot;,&quot;background_motion_fx_devices&quot;:[&quot;desktop&quot;,&quot;tablet&quot;,&quot;mobile&quot;]}\">\n\t\t\t\t\t\t\t<div class=\"elementor-background-overlay\"><\/div>\n\t\t\t\t\t\t\t<div class=\"elementor-container elementor-column-gap-default\">\n\t\t\t\t\t<div class=\"elementor-column elementor-col-100 elementor-top-column elementor-element elementor-element-b20bfae\" data-id=\"b20bfae\" data-element_type=\"column\" data-e-type=\"column\">\n\t\t\t<div class=\"elementor-widget-wrap elementor-element-populated\">\n\t\t\t\t\t\t<div class=\"elementor-element elementor-element-6d69fd9 elementor-widget elementor-widget-spacer\" data-id=\"6d69fd9\" data-element_type=\"widget\" data-e-type=\"widget\" data-widget_type=\"spacer.default\">\n\t\t\t\t<div class=\"elementor-widget-container\">\n\t\t\t\t\t\t\t<div class=\"elementor-spacer\">\n\t\t\t<div class=\"elementor-spacer-inner\"><\/div>\n\t\t<\/div>\n\t\t\t\t\t\t<\/div>\n\t\t\t\t<\/div>\n\t\t\t\t<div class=\"elementor-element elementor-element-7762798 elementor-widget elementor-widget-heading\" data-id=\"7762798\" data-element_type=\"widget\" data-e-type=\"widget\" data-widget_type=\"heading.default\">\n\t\t\t\t<div class=\"elementor-widget-container\">\n\t\t\t\t\t<h2 class=\"elementor-heading-title elementor-size-default\">Qui Som<\/h2>\t\t\t\t<\/div>\n\t\t\t\t<\/div>\n\t\t\t\t<div class=\"elementor-element elementor-element-7401bc0 elementor-icon-list--layout-inline elementor-align-start elementor-list-item-link-full_width elementor-widget elementor-widget-icon-list\" data-id=\"7401bc0\" data-element_type=\"widget\" data-e-type=\"widget\" data-widget_type=\"icon-list.default\">\n\t\t\t\t<div class=\"elementor-widget-container\">\n\t\t\t\t\t\t\t<ul class=\"elementor-icon-list-items elementor-inline-items\">\n\t\t\t\t\t\t\t<li class=\"elementor-icon-list-item elementor-inline-item\">\n\t\t\t\t\t\t\t\t\t\t\t<a href=\"https:\/\/www.elgosblanc.com\/ca\/\">\n\n\t\t\t\t\t\t\t\t\t\t\t<span class=\"elementor-icon-list-text\">Inici<\/span>\n\t\t\t\t\t\t\t\t\t\t\t<\/a>\n\t\t\t\t\t\t\t\t\t<\/li>\n\t\t\t\t\t\t\t\t<li class=\"elementor-icon-list-item elementor-inline-item\">\n\t\t\t\t\t\t\t\t\t\t\t<a href=\"https:\/\/www.elgosblanc.com\/quienes-somos\/\">\n\n\t\t\t\t\t\t\t\t\t\t\t\t<span class=\"elementor-icon-list-icon\">\n\t\t\t\t\t\t\t<i aria-hidden=\"true\" class=\"fas fa-chevron-right\"><\/i>\t\t\t\t\t\t<\/span>\n\t\t\t\t\t\t\t\t\t\t<span class=\"elementor-icon-list-text\">Qui Som<\/span>\n\t\t\t\t\t\t\t\t\t\t\t<\/a>\n\t\t\t\t\t\t\t\t\t<\/li>\n\t\t\t\t\t\t<\/ul>\n\t\t\t\t\t\t<\/div>\n\t\t\t\t<\/div>\n\t\t\t\t\t<\/div>\n\t\t<\/div>\n\t\t\t\t\t<\/div>\n\t\t<\/section>\n\t\t\t\t<section class=\"elementor-section elementor-top-section elementor-element elementor-element-0cc70ff elementor-section-boxed elementor-section-height-default elementor-section-height-default\" data-id=\"0cc70ff\" data-element_type=\"section\" data-e-type=\"section\" data-settings=\"{&quot;background_background&quot;:&quot;classic&quot;}\">\n\t\t\t\t\t\t<div class=\"elementor-container elementor-column-gap-default\">\n\t\t\t\t\t<div class=\"elementor-column elementor-col-100 elementor-top-column elementor-element elementor-element-3f29374\" data-id=\"3f29374\" data-element_type=\"column\" data-e-type=\"column\">\n\t\t\t<div class=\"elementor-widget-wrap elementor-element-populated\">\n\t\t\t\t\t\t<div class=\"elementor-element elementor-element-74c3df2 elementor-widget elementor-widget-heading\" data-id=\"74c3df2\" data-element_type=\"widget\" data-e-type=\"widget\" data-widget_type=\"heading.default\">\n\t\t\t\t<div class=\"elementor-widget-container\">\n\t\t\t\t\t<h2 class=\"elementor-heading-title elementor-size-default\">Sobre nosaltres:<\/h2>\t\t\t\t<\/div>\n\t\t\t\t<\/div>\n\t\t\t\t<div class=\"elementor-element elementor-element-a218a8c elementor-widget elementor-widget-text-editor\" data-id=\"a218a8c\" data-element_type=\"widget\" data-e-type=\"widget\" data-widget_type=\"text-editor.default\">\n\t\t\t\t<div class=\"elementor-widget-container\">\n\t\t\t\t\t\t\t\t\t<p>La nostra traject\u00f2ria professional al m\u00f3n can\u00ed va comen\u00e7ar fa 25 anys.<\/p><p>Tot va comen\u00e7ar quan Albert va adquirir el seu primer gos, un cadell de ra\u00e7a Samoyedo anomenat Samo que des del primer moment ens va captivar amb la seva expressi\u00f3 i actitud alegre, en\u00e8rgica i innocent. Ell va ser el causant de canviar les nostres vides i que es despert\u00e9s la nostra vocaci\u00f3 pels gossos.<\/p><p>Arran de Samo ens vam iniciar al m\u00f3n del m\u00faixing (gossos de trineu) on vam estar en actiu durant x anys, aconseguint un magn\u00edfic equip de gossos que va competir a les millors curses d&#8217;Europa com Pirena, Alpentrail, etc.<\/p><p>Passat un temps vam decidir que vol\u00edem donar un canvi a la nostra vida i dedicar-nos \u00fanica i exclusivament als gossos, i vam pensar a muntar una Resid\u00e8ncia Canina que portaria per nom \u201cEl Gos Blanc\u201d en honor al nostre Sam, que era un preci\u00f3s gos blanc.<\/p><p>Quan la resid\u00e8ncia ja estava en marxa, era el moment d&#8217;assolir un altre objectiu; convertir-nos en criadors professionals.<\/p><p>Sent amants dels animals, hav\u00edem llegit molt sobre gossos, races, etc\u2026 i ten\u00edem clar que la ra\u00e7a Golden Retriever era la que vol\u00edem, per la seva actitud alegre, sociable, noble\u2026 sempre pendent del seu amo i disposat a satisfer-ho.<\/p><p>Despr\u00e9s de visitar alguns dels pocs criadors especialitzats en Golden Retriever que hi havia en aquell moment, vam decidir adquirir la nostra primera Golden Retriever, es deia Estela, vi de Valladolid i evidentment no ens va fallar, era tot el que nosaltres esper\u00e0vem d&#8217;un Golden. Aleshores ens faltava el mascle i va arribar el Set, un mascle espectacular de tonalitat m\u00e9s aviat clar, procedent d?un dels millors criadors que hi ha al nostre pa\u00eds.<\/p><p>Amb ells vam fer la primera ventrada i tot va anar molt b\u00e9. Ens vam quedar dues femelles ia partir d&#8217;aqu\u00ed va comen\u00e7ar a cr\u00e9ixer la gran fam\u00edlia de Goldens de \u201cEl Gos Blanc\u201d.<\/p><p>x`Una vegada ja la resid\u00e8ncia estava en marxa, hav\u00edem comen\u00e7at a criar Golden Retriever i veient que \u00e9s una ra\u00e7a excepcional, vam voler incorporar una altra ra\u00e7a, la que podr\u00edem dir que era la seva cosina germana, el Labrador Retriever.<\/p><p>Aquesta ra\u00e7a t\u00e9 un car\u00e0cter semblant al Golden, per\u00f2 \u00e9s m\u00e9s din\u00e0mic i m\u00e9s actiu, tamb\u00e9 \u00e9s un gos molt apte per treballar per la seva gran capacitat d&#8217;aprendre i ideal per a fam\u00edlies.<\/p><p>Amb aquesta decisi\u00f3 vam aconseguir un altre objectiu que era tenir una segona ra\u00e7a.<\/p><p>Arena va ser la nostra primera Llaurador venia d&#8217;un dels millors criadors d&#8217;aquesta ra\u00e7a, va ser una gossa molt especial per a nosaltres, despr\u00e9s va arribar Dropo, un fant\u00e0stic Llaurador de color daurat amb un car\u00e0cter cent per cent Llaurador. A partir d&#8217;aqu\u00ed va comen\u00e7ar a cr\u00e9ixer la nostra segona fam\u00edlia, els pagesos Retriever del Gos Blanc.<\/p><p>Durant aquests 25 anys hem creat una gran fam\u00edlia, canina i humana, que va des dels nostres gossos i equip de professionals fins als nostres clients i les seves mascotes. La vostra lleialtat, feedbacks positius i afecte fan que seguim amb el mateix entusiasme i il\u00b7lusi\u00f3 del primer dia i sempre amb ganes de millorar.<\/p>\t\t\t\t\t\t\t\t<\/div>\n\t\t\t\t<\/div>\n\t\t\t\t\t<\/div>\n\t\t<\/div>\n\t\t\t\t\t<\/div>\n\t\t<\/section>\n\t\t\t\t<section class=\"elementor-section elementor-top-section elementor-element elementor-element-c56ec1b elementor-section-height-min-height elementor-section-full_width elementor-section-height-default elementor-section-items-middle\" data-id=\"c56ec1b\" data-element_type=\"section\" data-e-type=\"section\" data-settings=\"{&quot;background_background&quot;:&quot;classic&quot;}\">\n\t\t\t\t\t\t<div class=\"elementor-container elementor-column-gap-default\">\n\t\t\t\t\t<div class=\"elementor-column elementor-col-100 elementor-top-column elementor-element elementor-element-60fbeb6\" data-id=\"60fbeb6\" data-element_type=\"column\" data-e-type=\"column\">\n\t\t\t<div class=\"elementor-widget-wrap elementor-element-populated\">\n\t\t\t\t\t\t<div class=\"elementor-element elementor-element-0068680 elementor-widget elementor-widget-heading\" data-id=\"0068680\" data-element_type=\"widget\" data-e-type=\"widget\" data-settings=\"{&quot;_animation&quot;:&quot;none&quot;}\" data-widget_type=\"heading.default\">\n\t\t\t\t<div class=\"elementor-widget-container\">\n\t\t\t\t\t<h2 class=\"elementor-heading-title elementor-size-default\">Som aqu\u00ed per ajudar-te<\/h2>\t\t\t\t<\/div>\n\t\t\t\t<\/div>\n\t\t\t\t<div class=\"elementor-element elementor-element-1580374 elementor-align-center elementor-mobile-align-justify elementor-widget-mobile__width-inherit elementor-widget elementor-widget-button\" data-id=\"1580374\" data-element_type=\"widget\" data-e-type=\"widget\" data-settings=\"{&quot;_animation&quot;:&quot;none&quot;}\" data-widget_type=\"button.default\">\n\t\t\t\t<div class=\"elementor-widget-container\">\n\t\t\t\t\t\t\t\t\t<div class=\"elementor-button-wrapper\">\n\t\t\t\t\t<a class=\"elementor-button elementor-button-link elementor-size-md elementor-animation-bob\" href=\"https:\/\/www.elgosblanc.com\/ca\/contacte\/\">\n\t\t\t\t\t\t<span class=\"elementor-button-content-wrapper\">\n\t\t\t\t\t\t<span class=\"elementor-button-icon\">\n\t\t\t\t<i aria-hidden=\"true\" class=\"fas fa-envelope\"><\/i>\t\t\t<\/span>\n\t\t\t\t\t\t\t\t\t<span class=\"elementor-button-text\">CONTACTEU-NOS<\/span>\n\t\t\t\t\t<\/span>\n\t\t\t\t\t<\/a>\n\t\t\t\t<\/div>\n\t\t\t\t\t\t\t\t<\/div>\n\t\t\t\t<\/div>\n\t\t\t\t\t<\/div>\n\t\t<\/div>\n\t\t\t\t\t<\/div>\n\t\t<\/section>\n\t\t\t\t<\/div>\n\t\t","protected":false},"excerpt":{"rendered":"<p>Qui Som Inici Qui Som Sobre nosaltres: La nostra traject\u00f2ria professional al m\u00f3n can\u00ed va comen\u00e7ar fa 25 anys. Tot va comen\u00e7ar quan Albert va adquirir el seu primer gos, un cadell de ra\u00e7a Samoyedo anomenat Samo que des del primer moment ens va captivar amb la seva expressi\u00f3 i actitud alegre, en\u00e8rgica i innocent. [&hellip;]<\/p>\n","protected":false},"author":1,"featured_media":0,"parent":0,"menu_order":0,"comment_status":"closed","ping_status":"closed","template":"elementor_header_footer","meta":{"ngg_post_thumbnail":0,"footnotes":""},"class_list":["post-13023","page","type-page","status-publish","hentry"],"yoast_head":"<!-- This site is optimized with the Yoast SEO plugin v27.4 - https:\/\/yoast.com\/product\/yoast-seo-wordpress\/ -->\n<title>Cria, selecci\u00f3 i venda de cadells de Golden Retriever a Barcelona.<\/title>\n<meta name=\"description\" content=\"Cria i selecci\u00f3 de cadells de Golden Retriever a Barcelona. Venda de gossos vacunats i desparasitats amb microxip. Seguiment del creixement...\" \/>\n<meta name=\"robots\" content=\"index, follow, max-snippet:-1, max-image-preview:large, max-video-preview:-1\" \/>\n<link rel=\"canonical\" href=\"https:\/\/www.elgosblanc.com\/quienes-somos\/\" \/>\n<meta property=\"og:locale\" content=\"ca_ES\" \/>\n<meta property=\"og:type\" content=\"article\" \/>\n<meta property=\"og:title\" content=\"Cria, selecci\u00f3 i venda de cadells de Golden Retriever a Barcelona.\" \/>\n<meta property=\"og:description\" content=\"Cria i selecci\u00f3 de cadells de Golden Retriever a Barcelona. Venda de gossos vacunats i desparasitats amb microxip. Seguiment del creixement...\" \/>\n<meta property=\"og:url\" content=\"https:\/\/www.elgosblanc.com\/quienes-somos\/\" \/>\n<meta property=\"og:site_name\" content=\"El Gos Blanc\" \/>\n<meta property=\"article:modified_time\" content=\"2024-07-11T11:50:30+00:00\" \/>\n<meta name=\"twitter:card\" content=\"summary_large_image\" \/>\n<meta name=\"twitter:label1\" content=\"Temps estimat de lectura\" \/>\n\t<meta name=\"twitter:data1\" content=\"3 minuts\" \/>\n<script type=\"application\/ld+json\" class=\"yoast-schema-graph\">{\"@context\":\"https:\\\/\\\/schema.org\",\"@graph\":[{\"@type\":\"WebPage\",\"@id\":\"https:\\\/\\\/www.elgosblanc.com\\\/quienes-somos\\\/\",\"url\":\"https:\\\/\\\/www.elgosblanc.com\\\/quienes-somos\\\/\",\"name\":\"Cria, selecci\u00f3 i venda de cadells de Golden Retriever a Barcelona.\",\"isPartOf\":{\"@id\":\"https:\\\/\\\/www.elgosblanc.com\\\/#website\"},\"datePublished\":\"2024-07-11T11:39:32+00:00\",\"dateModified\":\"2024-07-11T11:50:30+00:00\",\"description\":\"Cria i selecci\u00f3 de cadells de Golden Retriever a Barcelona. Venda de gossos vacunats i desparasitats amb microxip. Seguiment del creixement...\",\"breadcrumb\":{\"@id\":\"https:\\\/\\\/www.elgosblanc.com\\\/quienes-somos\\\/#breadcrumb\"},\"inLanguage\":\"ca\",\"potentialAction\":[{\"@type\":\"ReadAction\",\"target\":[\"https:\\\/\\\/www.elgosblanc.com\\\/quienes-somos\\\/\"]}]},{\"@type\":\"BreadcrumbList\",\"@id\":\"https:\\\/\\\/www.elgosblanc.com\\\/quienes-somos\\\/#breadcrumb\",\"itemListElement\":[{\"@type\":\"ListItem\",\"position\":1,\"name\":\"Inici\",\"item\":\"https:\\\/\\\/www.elgosblanc.com\\\/\"},{\"@type\":\"ListItem\",\"position\":2,\"name\":\"Qui Som\"}]},{\"@type\":\"WebSite\",\"@id\":\"https:\\\/\\\/www.elgosblanc.com\\\/#website\",\"url\":\"https:\\\/\\\/www.elgosblanc.com\\\/\",\"name\":\"El Gos Blanc\",\"description\":\"Residencia Canina Barcelona\",\"publisher\":{\"@id\":\"https:\\\/\\\/www.elgosblanc.com\\\/#organization\"},\"potentialAction\":[{\"@type\":\"SearchAction\",\"target\":{\"@type\":\"EntryPoint\",\"urlTemplate\":\"https:\\\/\\\/www.elgosblanc.com\\\/?s={search_term_string}\"},\"query-input\":{\"@type\":\"PropertyValueSpecification\",\"valueRequired\":true,\"valueName\":\"search_term_string\"}}],\"inLanguage\":\"ca\"},{\"@type\":\"Organization\",\"@id\":\"https:\\\/\\\/www.elgosblanc.com\\\/#organization\",\"name\":\"El Gos Blanc\",\"url\":\"https:\\\/\\\/www.elgosblanc.com\\\/\",\"logo\":{\"@type\":\"ImageObject\",\"inLanguage\":\"ca\",\"@id\":\"https:\\\/\\\/www.elgosblanc.com\\\/#\\\/schema\\\/logo\\\/image\\\/\",\"url\":\"https:\\\/\\\/www.elgosblanc.com\\\/wp-content\\\/uploads\\\/2022\\\/01\\\/LOGO-HOTEL-CANI-SIN-FONDO-1.png\",\"contentUrl\":\"https:\\\/\\\/www.elgosblanc.com\\\/wp-content\\\/uploads\\\/2022\\\/01\\\/LOGO-HOTEL-CANI-SIN-FONDO-1.png\",\"width\":500,\"height\":500,\"caption\":\"El Gos Blanc\"},\"image\":{\"@id\":\"https:\\\/\\\/www.elgosblanc.com\\\/#\\\/schema\\\/logo\\\/image\\\/\"}}]}<\/script>\n<!-- \/ Yoast SEO plugin. -->","yoast_head_json":{"title":"Cria, selecci\u00f3 i venda de cadells de Golden Retriever a Barcelona.","description":"Cria i selecci\u00f3 de cadells de Golden Retriever a Barcelona. Venda de gossos vacunats i desparasitats amb microxip. Seguiment del creixement...","robots":{"index":"index","follow":"follow","max-snippet":"max-snippet:-1","max-image-preview":"max-image-preview:large","max-video-preview":"max-video-preview:-1"},"canonical":"https:\/\/www.elgosblanc.com\/quienes-somos\/","og_locale":"ca_ES","og_type":"article","og_title":"Cria, selecci\u00f3 i venda de cadells de Golden Retriever a Barcelona.","og_description":"Cria i selecci\u00f3 de cadells de Golden Retriever a Barcelona. Venda de gossos vacunats i desparasitats amb microxip. Seguiment del creixement...","og_url":"https:\/\/www.elgosblanc.com\/quienes-somos\/","og_site_name":"El Gos Blanc","article_modified_time":"2024-07-11T11:50:30+00:00","twitter_card":"summary_large_image","twitter_misc":{"Temps estimat de lectura":"3 minuts"},"schema":{"@context":"https:\/\/schema.org","@graph":[{"@type":"WebPage","@id":"https:\/\/www.elgosblanc.com\/quienes-somos\/","url":"https:\/\/www.elgosblanc.com\/quienes-somos\/","name":"Cria, selecci\u00f3 i venda de cadells de Golden Retriever a Barcelona.","isPartOf":{"@id":"https:\/\/www.elgosblanc.com\/#website"},"datePublished":"2024-07-11T11:39:32+00:00","dateModified":"2024-07-11T11:50:30+00:00","description":"Cria i selecci\u00f3 de cadells de Golden Retriever a Barcelona. Venda de gossos vacunats i desparasitats amb microxip. Seguiment del creixement...","breadcrumb":{"@id":"https:\/\/www.elgosblanc.com\/quienes-somos\/#breadcrumb"},"inLanguage":"ca","potentialAction":[{"@type":"ReadAction","target":["https:\/\/www.elgosblanc.com\/quienes-somos\/"]}]},{"@type":"BreadcrumbList","@id":"https:\/\/www.elgosblanc.com\/quienes-somos\/#breadcrumb","itemListElement":[{"@type":"ListItem","position":1,"name":"Inici","item":"https:\/\/www.elgosblanc.com\/"},{"@type":"ListItem","position":2,"name":"Qui Som"}]},{"@type":"WebSite","@id":"https:\/\/www.elgosblanc.com\/#website","url":"https:\/\/www.elgosblanc.com\/","name":"El Gos Blanc","description":"Residencia Canina Barcelona","publisher":{"@id":"https:\/\/www.elgosblanc.com\/#organization"},"potentialAction":[{"@type":"SearchAction","target":{"@type":"EntryPoint","urlTemplate":"https:\/\/www.elgosblanc.com\/?s={search_term_string}"},"query-input":{"@type":"PropertyValueSpecification","valueRequired":true,"valueName":"search_term_string"}}],"inLanguage":"ca"},{"@type":"Organization","@id":"https:\/\/www.elgosblanc.com\/#organization","name":"El Gos Blanc","url":"https:\/\/www.elgosblanc.com\/","logo":{"@type":"ImageObject","inLanguage":"ca","@id":"https:\/\/www.elgosblanc.com\/#\/schema\/logo\/image\/","url":"https:\/\/www.elgosblanc.com\/wp-content\/uploads\/2022\/01\/LOGO-HOTEL-CANI-SIN-FONDO-1.png","contentUrl":"https:\/\/www.elgosblanc.com\/wp-content\/uploads\/2022\/01\/LOGO-HOTEL-CANI-SIN-FONDO-1.png","width":500,"height":500,"caption":"El Gos Blanc"},"image":{"@id":"https:\/\/www.elgosblanc.com\/#\/schema\/logo\/image\/"}}]}},"_links":{"self":[{"href":"https:\/\/www.elgosblanc.com\/ca\/wp-json\/wp\/v2\/pages\/13023","targetHints":{"allow":["GET"]}}],"collection":[{"href":"https:\/\/www.elgosblanc.com\/ca\/wp-json\/wp\/v2\/pages"}],"about":[{"href":"https:\/\/www.elgosblanc.com\/ca\/wp-json\/wp\/v2\/types\/page"}],"author":[{"embeddable":true,"href":"https:\/\/www.elgosblanc.com\/ca\/wp-json\/wp\/v2\/users\/1"}],"replies":[{"embeddable":true,"href":"https:\/\/www.elgosblanc.com\/ca\/wp-json\/wp\/v2\/comments?post=13023"}],"version-history":[{"count":4,"href":"https:\/\/www.elgosblanc.com\/ca\/wp-json\/wp\/v2\/pages\/13023\/revisions"}],"predecessor-version":[{"id":13027,"href":"https:\/\/www.elgosblanc.com\/ca\/wp-json\/wp\/v2\/pages\/13023\/revisions\/13027"}],"wp:attachment":[{"href":"https:\/\/www.elgosblanc.com\/ca\/wp-json\/wp\/v2\/media?parent=13023"}],"curies":[{"name":"wp","href":"https:\/\/api.w.org\/{rel}","templated":true}]}}